{"id":2034,"date":"2024-05-29T15:28:31","date_gmt":"2024-05-29T19:28:31","guid":{"rendered":"https:\/\/sternbank.com\/es\/?page_id=2034"},"modified":"2024-05-29T15:28:31","modified_gmt":"2024-05-29T19:28:31","slug":"accionista","status":"publish","type":"page","link":"https:\/\/sternbank.com\/es\/accionista\/","title":{"rendered":"Accionista"},"content":{"rendered":"<p>&nbsp;<\/p>\n<section class=\"Accionista\">\n<div class=\"container\">\n<div class=\"row\">\n<div class=\"col-md-12\">\n<h2 class=\"h-gold\">Accionista<\/h2>\n<h2 class=\"\">Peter Stern<\/h2>\n<div class=\"management-desc\">\n<p>Antes de fundar Stern Bank, Peter gestion\u00f3 varias empresas internacionales exitosas a lo largo de su carrera de 30 a\u00f1os. En la d\u00e9cada de 1980, Peter cre\u00f3 American Customs Service Inc., que se enfocaba en el transporte de carga y la intermediaci\u00f3n aduanera. Vendi\u00f3 el negocio en 1993 y fund\u00f3 otra empresa de transporte de carga y intermediaci\u00f3n aduanera, Express Service Forwarding Inc., que representaba a aerol\u00edneas extranjeras y l\u00edneas navieras, entre otras industrias. Actualmente, es Presidente de Express Trade Capital, Inc., una empresa de financiamiento comercial con sede en Nueva York que proporciona factoring, financiamiento de \u00f3rdenes de compra y programas de proyectos especiales a clientes corporativos nacionales e internacionales.<\/p>\n<p>Peter tiene una experiencia significativa en la evaluaci\u00f3n de ofertas de deuda de grado de inversi\u00f3n, de alto rendimiento y convertibles, financiamiento de adquisiciones apalancadas y transacciones de pr\u00e9stamos sindicados como Presidente de Garantia LLC, una firma de inversi\u00f3n en Nueva York. En 2016, por ejemplo, Peter concluy\u00f3 una transacci\u00f3n con el Banco Europeo de Reconstrucci\u00f3n y Desarrollo (BERD) para comprar pr\u00e9stamos en dificultades que el banco hab\u00eda otorgado a una cadena de supermercados de Europa del Este. Peter compr\u00f3 el pr\u00e9stamo de $56,000,000 del BERD por aproximadamente $9,000,000 y lo convirti\u00f3 en una participaci\u00f3n accionaria aproximada del 25%, convirti\u00e9ndose en un accionista mayoritario. Ese mismo a\u00f1o, negoci\u00f3 una transacci\u00f3n con el Banco de Chipre (representado por Alfa Bank) para comprar un pr\u00e9stamo en dificultades de $25,000,000, asegurado por bienes ra\u00edces corporativos del prestatario, por $8,000,000.<\/p>\n<p>Peter tambi\u00e9n mantiene un rol activo en una firma de inversi\u00f3n inmobiliaria en Nueva York que invierte activamente en hipotecas en dificultades, no rentables o con bajo rendimiento originadas en el mercado estadounidense. Esa empresa actualmente tiene cientos de notas pendientes con un valor nominal de decenas de millones de d\u00f3lares. Es graduado de la Universidad de Transporte en Odessa y posee una Licencia de Corredor de Aduanas de los EE. UU.<\/p>\n<\/div>\n<\/div>\n<\/div>\n<\/div>\n<\/section>\n","protected":false},"excerpt":{"rendered":"<p>&nbsp; Accionista Peter Stern Antes de fundar Stern Bank, Peter gestion\u00f3 varias empresas internacionales exitosas a lo largo de su carrera de 30 a\u00f1os. En la d\u00e9cada de 1980, Peter cre\u00f3 American Customs Service Inc., que se enfocaba en el transporte de carga y la intermediaci\u00f3n aduanera. Vendi\u00f3 el negocio en 1993 y fund\u00f3 otra [&hellip;]<\/p>\n","protected":false},"author":2,"featured_media":0,"parent":0,"menu_order":2,"comment_status":"closed","ping_status":"closed","template":"","meta":{"footnotes":""},"class_list":["post-2034","page","type-page","status-publish","hentry"],"_links":{"self":[{"href":"https:\/\/sternbank.com\/es\/wp-json\/wp\/v2\/pages\/2034","targetHints":{"allow":["GET"]}}],"collection":[{"href":"https:\/\/sternbank.com\/es\/wp-json\/wp\/v2\/pages"}],"about":[{"href":"https:\/\/sternbank.com\/es\/wp-json\/wp\/v2\/types\/page"}],"author":[{"embeddable":true,"href":"https:\/\/sternbank.com\/es\/wp-json\/wp\/v2\/users\/2"}],"replies":[{"embeddable":true,"href":"https:\/\/sternbank.com\/es\/wp-json\/wp\/v2\/comments?post=2034"}],"version-history":[{"count":8,"href":"https:\/\/sternbank.com\/es\/wp-json\/wp\/v2\/pages\/2034\/revisions"}],"predecessor-version":[{"id":2042,"href":"https:\/\/sternbank.com\/es\/wp-json\/wp\/v2\/pages\/2034\/revisions\/2042"}],"wp:attachment":[{"href":"https:\/\/sternbank.com\/es\/wp-json\/wp\/v2\/media?parent=2034"}],"curies":[{"name":"wp","href":"https:\/\/api.w.org\/{rel}","templated":true}]}}